{"id":2345,"date":"2023-08-01T13:30:54","date_gmt":"2023-08-01T13:30:54","guid":{"rendered":"https:\/\/www.carretilles.com\/empresa-carbo-carretilles\/"},"modified":"2024-02-29T09:56:58","modified_gmt":"2024-02-29T09:56:58","slug":"empresa-carbo-carretilles","status":"publish","type":"page","link":"https:\/\/www.carretilles.com\/es\/empresa-carbo-carretilles\/","title":{"rendered":"Empresa, carb\u00f3 carretilles"},"content":{"rendered":"<p>[et_pb_section fb_built=\u00bb1&#8243; _builder_version=\u00bb4.24.2&#8243; _module_preset=\u00bbdefault\u00bb background_color=\u00bb#999999&#8243; background_image=\u00bbhttps:\/\/www.carretilles.com\/wp-content\/uploads\/2023\/09\/Carbo-Carretilles-Still-1.jpg\u00bb background_blend=\u00bbmultiply\u00bb background_enable_video_mp4=\u00bboff\u00bb min_height=\u00bb450px\u00bb global_colors_info=\u00bb{}\u00bb][et_pb_row column_structure=\u00bb3_4,1_4&#8243; _builder_version=\u00bb4.20.2&#8243; _module_preset=\u00bbdefault\u00bb custom_padding=\u00bb0px||0px|||\u00bb global_colors_info=\u00bb{}\u00bb][et_pb_column type=\u00bb3_4&#8243; _builder_version=\u00bb4.20.2&#8243; _module_preset=\u00bbdefault\u00bb global_colors_info=\u00bb{}\u00bb][\/et_pb_column][et_pb_column type=\u00bb1_4&#8243; _builder_version=\u00bb4.20.2&#8243; _module_preset=\u00bbdefault\u00bb global_colors_info=\u00bb{}\u00bb][et_pb_image src=\u00bbhttps:\/\/www.carretilles.com\/wp-content\/uploads\/2023\/06\/still-logo.png\u00bb title_text=\u00bbstill-logo\u00bb align=\u00bbcenter\u00bb _builder_version=\u00bb4.20.2&#8243; _module_preset=\u00bbdefault\u00bb background_color=\u00bb#ffffff\u00bb width=\u00bb92%\u00bb custom_margin=\u00bb||||false|false\u00bb custom_padding=\u00bb15px|0px|15px|0px|false|false\u00bb global_colors_info=\u00bb{}\u00bb][\/et_pb_image][\/et_pb_column][\/et_pb_row][et_pb_row column_structure=\u00bb3_4,1_4&#8243; _builder_version=\u00bb4.20.2&#8243; _module_preset=\u00bbdefault\u00bb global_colors_info=\u00bb{}\u00bb][et_pb_column type=\u00bb3_4&#8243; _builder_version=\u00bb4.20.2&#8243; _module_preset=\u00bbdefault\u00bb global_colors_info=\u00bb{}\u00bb][et_pb_cta title=\u00bbCarb\u00f3 Carretilles, desde 1987 aportando soluciones\u00bb _builder_version=\u00bb4.20.2&#8243; _module_preset=\u00bbdefault\u00bb header_level=\u00bbh1&#8243; background_layout=\u00bbdark\u00bb global_colors_info=\u00bb{}\u00bb]Carb\u00f3 Carretilles, ubicada en Vilafranca del Pened\u00e8s, llevamos desde el a\u00f1o 1987 aportando soluciones en la manipulaci\u00f3n y almacenamiento de mercanc\u00edas, mediante una amplia selecci\u00f3n de carretillas elevadoras, retr\u00e1ctiles, apiladoras, transpaletas, etc., adecuados a las necesidades de cada cliente.[\/et_pb_cta][\/et_pb_column][et_pb_column type=\u00bb1_4&#8243; _builder_version=\u00bb4.20.2&#8243; _module_preset=\u00bbdefault\u00bb global_colors_info=\u00bb{}\u00bb][\/et_pb_column][\/et_pb_row][\/et_pb_section][et_pb_section fb_built=\u00bb1&#8243; _builder_version=\u00bb4.20.2&#8243; _module_preset=\u00bbdefault\u00bb global_colors_info=\u00bb{}\u00bb][et_pb_row column_structure=\u00bb1_2,1_2&#8243; _builder_version=\u00bb4.20.2&#8243; _module_preset=\u00bbdefault\u00bb global_colors_info=\u00bb{}\u00bb][et_pb_column type=\u00bb1_2&#8243; _builder_version=\u00bb4.20.2&#8243; _module_preset=\u00bbdefault\u00bb global_colors_info=\u00bb{}\u00bb][et_pb_text _builder_version=\u00bb4.20.2&#8243; _module_preset=\u00bbdefault\u00bb global_colors_info=\u00bb{}\u00bb]<\/p>\n<h2>Manipulaci\u00f3n y almacenamiento de mercanc\u00edas en Carb\u00f3 Carretilles<\/h2>\n<p>A lo largo de estos a\u00f1os, gran cantidad de diferentes modelos y tipolog\u00edas han sido vendidos a nuestra zona de influencia inmediata, que comprende Pened\u00e8s, Garraf y Anoia.<\/p>\n<p>Mediante un servicio personalizado, profesionalizado y a la medida de tus necesidades, la filosof\u00eda de nuestra empresa pasa por una flexibilizaci\u00f3n para adaptarnos a cada cliente. Encontramos la maquinaria adecuada a cada actividad y nos adaptamos a la modalidad de servicio.<\/p>\n<p>Somos una organizaci\u00f3n con una veintena de personas volcadas al servicio del cliente, con una flota de 12 veh\u00edculos. Furgonetas taller totalmente equipadas, cami\u00f3n propio, taller, repuestos, aulas de formaci\u00f3n y en definitiva un gran equipo humano preparado para responder a tus necesidades y las de un mercado cambiante y en constante evoluci\u00f3n.<\/p>\n<p>Carb\u00f3 Carretilles somos una organizaci\u00f3n con una trayectoria contrastada y que afrontamos el futuro de cara a los grandes retos que se plantean, pero siempre sin perder de vista los or\u00edgenes, que hoy por hoy se convierten en todo un referente de calidad, servicio y garant\u00eda en nuestra zona.<\/p>\n<p>[\/et_pb_text][et_pb_button button_url=\u00bb@ET-DC@eyJkeW5hbWljIjp0cnVlLCJjb250ZW50IjoicG9zdF9saW5rX3VybF9wYWdlIiwic2V0dGluZ3MiOnsicG9zdF9pZCI6IjEzODQifX0=@\u00bb button_text=\u00bbMaquinaria Still\u00bb button_alignment=\u00bbleft\u00bb _builder_version=\u00bb4.20.2&#8243; _dynamic_attributes=\u00bbbutton_url\u00bb _module_preset=\u00bbdefault\u00bb global_colors_info=\u00bb{}\u00bb][\/et_pb_button][\/et_pb_column][et_pb_column type=\u00bb1_2&#8243; _builder_version=\u00bb4.20.2&#8243; _module_preset=\u00bbdefault\u00bb global_colors_info=\u00bb{}\u00bb][et_pb_image src=\u00bbhttps:\/\/www.carretilles.com\/wp-content\/uploads\/2023\/09\/STILL_servei-de-carretilles-Carbo.jpg\u00bb alt=\u00bbServicio de maquinaria Still en Carb\u00f3 Carretilles.\u00bb title_text=\u00bbServicio de maquinaria Still en Carb\u00f3 Carretilles.\u00bb _builder_version=\u00bb4.20.2&#8243; _module_preset=\u00bbdefault\u00bb global_colors_info=\u00bb{}\u00bb][\/et_pb_image][\/et_pb_column][\/et_pb_row][\/et_pb_section][et_pb_section fb_built=\u00bb1&#8243; _builder_version=\u00bb4.24.2&#8243; _module_preset=\u00bbdefault\u00bb custom_margin=\u00bb0px|0px|0px|0px|false|false\u00bb custom_padding=\u00bb30px|0px|90px|0px|false|false\u00bb global_colors_info=\u00bb{}\u00bb][et_pb_row _builder_version=\u00bb4.24.2&#8243; _module_preset=\u00bbdefault\u00bb module_alignment=\u00bbcenter\u00bb custom_margin=\u00bb0px|0px|20px|0px|false|false\u00bb custom_padding=\u00bb0px|0px|0px|0px|false|false\u00bb global_colors_info=\u00bb{}\u00bb][et_pb_column type=\u00bb4_4&#8243; _builder_version=\u00bb4.24.2&#8243; _module_preset=\u00bbdefault\u00bb global_colors_info=\u00bb{}\u00bb][et_pb_video src=\u00bbhttps:\/\/www.youtube.com\/watch?v=pClyKoxjrpY\u00bb _builder_version=\u00bb4.24.2&#8243; _module_preset=\u00bbdefault\u00bb global_colors_info=\u00bb{}\u00bb][\/et_pb_video][\/et_pb_column][\/et_pb_row][\/et_pb_section][et_pb_section fb_built=\u00bb1&#8243; _builder_version=\u00bb4.20.2&#8243; _module_preset=\u00bbdefault\u00bb background_image=\u00bbhttps:\/\/www.carretilles.com\/wp-content\/uploads\/2023\/08\/Carretilles-elevadores-noves.jpg\u00bb min_height=\u00bb400px\u00bb global_colors_info=\u00bb{}\u00bb][et_pb_row _builder_version=\u00bb4.20.2&#8243; _module_preset=\u00bbdefault\u00bb positioning=\u00bbabsolute\u00bb position_origin_a=\u00bbcenter_center\u00bb position_origin_a_tablet=\u00bbcenter_center\u00bb position_origin_a_phone=\u00bbcenter_center\u00bb position_origin_a_last_edited=\u00bbon|desktop\u00bb position_origin_f_tablet=\u00bb\u00bb position_origin_f_phone=\u00bb\u00bb position_origin_f_last_edited=\u00bbon|desktop\u00bb position_origin_r_tablet=\u00bb\u00bb position_origin_r_phone=\u00bb\u00bb position_origin_r_last_edited=\u00bbon|desktop\u00bb positioning_tablet=\u00bbnone\u00bb positioning_phone=\u00bbnone\u00bb positioning_last_edited=\u00bbon|phone\u00bb global_colors_info=\u00bb{}\u00bb][et_pb_column type=\u00bb4_4&#8243; _builder_version=\u00bb4.20.2&#8243; _module_preset=\u00bbdefault\u00bb global_colors_info=\u00bb{}\u00bb][et_pb_cta title=\u00bbPonte en contacto con nosotros y te asesoramos\u00bb button_url=\u00bb@ET-DC@eyJkeW5hbWljIjp0cnVlLCJjb250ZW50IjoicG9zdF9saW5rX3VybF9wYWdlIiwic2V0dGluZ3MiOnsicG9zdF9pZCI6IjEzOTIifX0=@\u00bb button_text=\u00bbContacta con nosotros\u00bb _builder_version=\u00bb4.20.2&#8243; _dynamic_attributes=\u00bbbutton_url\u00bb _module_preset=\u00bbdefault\u00bb text_orientation=\u00bbcenter\u00bb background_layout=\u00bbdark\u00bb global_colors_info=\u00bb{}\u00bb]<\/p>\n<p>\u00bfNecesitas informaci\u00f3n sobre carretillas retr\u00e1ctiles o maquinaria de elevaci\u00f3n?<\/p>\n<p>[\/et_pb_cta][\/et_pb_column][\/et_pb_row][\/et_pb_section]<\/p>\n","protected":false},"excerpt":{"rendered":"<p>Carb\u00f3 Carretilles, ubicada en Vilafranca del Pened\u00e8s, llevamos desde el a\u00f1o 1987 aportando soluciones en la manipulaci\u00f3n y almacenamiento de mercanc\u00edas, mediante una amplia selecci\u00f3n de carretillas elevadoras, retr\u00e1ctiles, apiladoras, transpaletas, etc., adecuados a las necesidades de cada cliente.Manipulaci\u00f3n y almacenamiento de mercanc\u00edas en Carb\u00f3 Carretilles A lo largo de estos a\u00f1os, gran cantidad de [&hellip;]<\/p>\n","protected":false},"author":1,"featured_media":1816,"parent":0,"menu_order":0,"comment_status":"closed","ping_status":"closed","template":"","meta":{"_et_pb_use_builder":"on","_et_pb_old_content":"","_et_gb_content_width":"","footnotes":""},"class_list":["post-2345","page","type-page","status-publish","has-post-thumbnail","hentry"],"_links":{"self":[{"href":"https:\/\/www.carretilles.com\/es\/wp-json\/wp\/v2\/pages\/2345","targetHints":{"allow":["GET"]}}],"collection":[{"href":"https:\/\/www.carretilles.com\/es\/wp-json\/wp\/v2\/pages"}],"about":[{"href":"https:\/\/www.carretilles.com\/es\/wp-json\/wp\/v2\/types\/page"}],"author":[{"embeddable":true,"href":"https:\/\/www.carretilles.com\/es\/wp-json\/wp\/v2\/users\/1"}],"replies":[{"embeddable":true,"href":"https:\/\/www.carretilles.com\/es\/wp-json\/wp\/v2\/comments?post=2345"}],"version-history":[{"count":3,"href":"https:\/\/www.carretilles.com\/es\/wp-json\/wp\/v2\/pages\/2345\/revisions"}],"predecessor-version":[{"id":2628,"href":"https:\/\/www.carretilles.com\/es\/wp-json\/wp\/v2\/pages\/2345\/revisions\/2628"}],"wp:featuredmedia":[{"embeddable":true,"href":"https:\/\/www.carretilles.com\/es\/wp-json\/wp\/v2\/media\/1816"}],"wp:attachment":[{"href":"https:\/\/www.carretilles.com\/es\/wp-json\/wp\/v2\/media?parent=2345"}],"curies":[{"name":"wp","href":"https:\/\/api.w.org\/{rel}","templated":true}]}}