{"id":2348,"date":"2023-08-01T13:31:32","date_gmt":"2023-08-01T13:31:32","guid":{"rendered":"https:\/\/www.carretilles.com\/alquiler-de-carretillas\/"},"modified":"2023-10-10T07:57:21","modified_gmt":"2023-10-10T07:57:21","slug":"alquiler-de-carretillas","status":"publish","type":"page","link":"https:\/\/www.carretilles.com\/es\/alquiler-de-carretillas\/","title":{"rendered":"Alquiler de carretillas"},"content":{"rendered":"<p>[et_pb_section fb_built=\u00bb1&#8243; _builder_version=\u00bb4.20.2&#8243; _module_preset=\u00bbdefault\u00bb background_color=\u00bb#999999&#8243; background_image=\u00bbhttps:\/\/www.carretilles.com\/wp-content\/uploads\/2023\/09\/Maquinaria-de-lloguer-Carbo-carretilles.jpg\u00bb background_blend=\u00bbmultiply\u00bb min_height=\u00bb450px\u00bb global_colors_info=\u00bb{}\u00bb][et_pb_row column_structure=\u00bb3_4,1_4&#8243; _builder_version=\u00bb4.20.2&#8243; _module_preset=\u00bbdefault\u00bb custom_padding=\u00bb0px||0px|||\u00bb global_colors_info=\u00bb{}\u00bb][et_pb_column type=\u00bb3_4&#8243; _builder_version=\u00bb4.20.2&#8243; _module_preset=\u00bbdefault\u00bb global_colors_info=\u00bb{}\u00bb][\/et_pb_column][et_pb_column type=\u00bb1_4&#8243; _builder_version=\u00bb4.20.2&#8243; _module_preset=\u00bbdefault\u00bb global_colors_info=\u00bb{}\u00bb][et_pb_image src=\u00bbhttps:\/\/www.carretilles.com\/wp-content\/uploads\/2023\/06\/still-logo.png\u00bb title_text=\u00bbstill-logo\u00bb align=\u00bbcenter\u00bb _builder_version=\u00bb4.20.2&#8243; _module_preset=\u00bbdefault\u00bb background_color=\u00bb#ffffff\u00bb width=\u00bb92%\u00bb custom_margin=\u00bb||||false|false\u00bb custom_padding=\u00bb15px|0px|15px|0px|false|false\u00bb global_colors_info=\u00bb{}\u00bb][\/et_pb_image][\/et_pb_column][\/et_pb_row][et_pb_row column_structure=\u00bb3_4,1_4&#8243; _builder_version=\u00bb4.20.2&#8243; _module_preset=\u00bbdefault\u00bb global_colors_info=\u00bb{}\u00bb][et_pb_column type=\u00bb3_4&#8243; _builder_version=\u00bb4.20.2&#8243; _module_preset=\u00bbdefault\u00bb global_colors_info=\u00bb{}\u00bb][et_pb_cta title=\u00bbMaquinaria de alquiler\u00bb _builder_version=\u00bb4.20.2&#8243; _module_preset=\u00bbdefault\u00bb header_level=\u00bbh1&#8243; background_layout=\u00bbdark\u00bb hover_enabled=\u00bb0&#8243; global_colors_info=\u00bb{}\u00bb sticky_enabled=\u00bb0&#8243;]<\/p>\n<p>Nuestra filosof\u00eda como empresa de servicios es adecuarnos a las necesidades y demandas de los clientes, por eso disponemos de la m\u00e1s amplia gama de modelos de alquiler a corto y largo plazo.<\/p>\n<p>[\/et_pb_cta][\/et_pb_column][et_pb_column type=\u00bb1_4&#8243; _builder_version=\u00bb4.20.2&#8243; _module_preset=\u00bbdefault\u00bb global_colors_info=\u00bb{}\u00bb][\/et_pb_column][\/et_pb_row][\/et_pb_section][et_pb_section fb_built=\u00bb1&#8243; module_id=\u00bbmantenimiento\u00bb _builder_version=\u00bb4.20.2&#8243; _module_preset=\u00bbdefault\u00bb custom_margin=\u00bb||-58px|||\u00bb global_colors_info=\u00bb{}\u00bb][et_pb_row column_structure=\u00bb1_2,1_2&#8243; _builder_version=\u00bb4.20.2&#8243; _module_preset=\u00bbdefault\u00bb global_colors_info=\u00bb{}\u00bb][et_pb_column type=\u00bb1_2&#8243; _builder_version=\u00bb4.20.2&#8243; _module_preset=\u00bbdefault\u00bb global_colors_info=\u00bb{}\u00bb][et_pb_cta title=\u00bbAlquiler de carretillas y maquinaria Still\u00bb button_url=\u00bb@ET-DC@eyJkeW5hbWljIjp0cnVlLCJjb250ZW50IjoicG9zdF9saW5rX3VybF9wYWdlIiwic2V0dGluZ3MiOnsicG9zdF9pZCI6IjEzOTIifX0=@\u00bb button_text=\u00bbContacta con un asesor\u00bb _builder_version=\u00bb4.20.2&#8243; _dynamic_attributes=\u00bbbutton_url\u00bb _module_preset=\u00bbdefault\u00bb global_colors_info=\u00bb{}\u00bb]<\/p>\n<p>Nuestra maquinaria se encuentra bajo supervisi\u00f3n constante para garantizar el mejor rendimiento, seguridad y estar listos para responder en cualquier situaci\u00f3n.<\/p>\n<p>Entre nuestras m\u00e1quinas de alquiler, disponemos de un amplio abanico de maquinaria de la marca Still: m\u00e1quinas nuevas y preparadas para dar el m\u00e1ximo servicio.<\/p>\n<p>Si necesitas cualquier tipo de m\u00e1quina en r\u00e9gimen de alquiler, no dudes en indicarnos lo que te interesa y te confirmaremos la disponibilidad.<\/p>\n<p>[\/et_pb_cta][\/et_pb_column][et_pb_column type=\u00bb1_2&#8243; _builder_version=\u00bb4.20.2&#8243; _module_preset=\u00bbdefault\u00bb global_colors_info=\u00bb{}\u00bb][et_pb_image src=\u00bbhttps:\/\/www.carretilles.com\/wp-content\/uploads\/2023\/09\/Flexibilitat-lloguer-carretilles-Carbo-carretilles.jpg\u00bb alt=\u00bbFlexibilidad de alquiler de carretillas en Carbo\u0301 Carretilles.\u00bb title_text=\u00bbFlexibilidad de alquiler de carretillas en Carbo\u0301 Carretilles.\u00bb _builder_version=\u00bb4.20.2&#8243; _module_preset=\u00bbdefault\u00bb global_colors_info=\u00bb{}\u00bb][\/et_pb_image][\/et_pb_column][\/et_pb_row][\/et_pb_section][et_pb_section fb_built=\u00bb1&#8243; module_id=\u00bb#modalidadesalquiler\u00bb _builder_version=\u00bb4.20.2&#8243; _module_preset=\u00bbdefault\u00bb global_colors_info=\u00bb{}\u00bb][et_pb_row _builder_version=\u00bb4.20.2&#8243; _module_preset=\u00bbdefault\u00bb global_colors_info=\u00bb{}\u00bb][et_pb_column type=\u00bb4_4&#8243; _builder_version=\u00bb4.20.2&#8243; _module_preset=\u00bbdefault\u00bb global_colors_info=\u00bb{}\u00bb][et_pb_text _builder_version=\u00bb4.20.2&#8243; _module_preset=\u00bbdefault\u00bb global_colors_info=\u00bb{}\u00bb]<\/p>\n<h3 style=\"text-align: left;\">Modalidades de alquiler<\/h3>\n<p>[\/et_pb_text][\/et_pb_column][\/et_pb_row][et_pb_row column_structure=\u00bb1_3,1_3,1_3&#8243; _builder_version=\u00bb4.20.2&#8243; _module_preset=\u00bbdefault\u00bb global_colors_info=\u00bb{}\u00bb][et_pb_column type=\u00bb1_3&#8243; _builder_version=\u00bb4.20.2&#8243; _module_preset=\u00bbdefault\u00bb transform_scale_last_edited=\u00bboff|desktop\u00bb transform_translate_last_edited=\u00bboff|desktop\u00bb transform_rotate_last_edited=\u00bboff|desktop\u00bb transform_skew_last_edited=\u00bboff|desktop\u00bb transform_origin_last_edited=\u00bboff|desktop\u00bb transform_styles_last_edited=\u00bboff|desktop\u00bb global_colors_info=\u00bb{}\u00bb transform_styles__hover_enabled=\u00bbon|hover\u00bb transform_scale__hover_enabled=\u00bbon|hover\u00bb transform_translate__hover_enabled=\u00bbon|desktop\u00bb transform_rotate__hover_enabled=\u00bbon|desktop\u00bb transform_skew__hover_enabled=\u00bbon|desktop\u00bb transform_origin__hover_enabled=\u00bbon|desktop\u00bb][et_pb_blurb use_icon=\u00bbon\u00bb font_icon=\u00bb&#xf2f2;||fa||900&#8243; _builder_version=\u00bb4.20.2&#8243; _module_preset=\u00bbdefault\u00bb text_orientation=\u00bbcenter\u00bb global_colors_info=\u00bb{}\u00bb transform_styles__hover_enabled=\u00bbon|desktop\u00bb transform_scale__hover_enabled=\u00bbon|desktop\u00bb transform_translate__hover_enabled=\u00bbon|desktop\u00bb transform_rotate__hover_enabled=\u00bbon|desktop\u00bb transform_skew__hover_enabled=\u00bbon|desktop\u00bb transform_origin__hover_enabled=\u00bbon|desktop\u00bb transform_scale__hover=\u00bb110%|110%\u00bb]<\/p>\n<h4>Alquiler a corto plazo<\/h4>\n<p>Ideal para picos temporales de trabajo, eventos importantes puntuales o la sustituci\u00f3n de un veh\u00edculo que tienes en reparaci\u00f3n.<\/p>\n<p>[\/et_pb_blurb][\/et_pb_column][et_pb_column type=\u00bb1_3&#8243; _builder_version=\u00bb4.20.2&#8243; _module_preset=\u00bbdefault\u00bb global_colors_info=\u00bb{}\u00bb][et_pb_blurb use_icon=\u00bbon\u00bb font_icon=\u00bb&#xf073;||fa||900&#8243; _builder_version=\u00bb4.20.2&#8243; _module_preset=\u00bbdefault\u00bb text_orientation=\u00bbcenter\u00bb global_colors_info=\u00bb{}\u00bb transform_styles__hover_enabled=\u00bbon|hover\u00bb transform_scale__hover_enabled=\u00bbon|hover\u00bb transform_translate__hover_enabled=\u00bbon|desktop\u00bb transform_scale__hover=\u00bb110%|110%\u00bb]<\/p>\n<h4><strong>Alquiler a largo plazo<\/strong><\/h4>\n<p>Prueba distintos tipos de maquinaria y descubre cu\u00e1l se adapta m\u00e1s a tu producci\u00f3n.<\/p>\n<p>[\/et_pb_blurb][\/et_pb_column][et_pb_column type=\u00bb1_3&#8243; _builder_version=\u00bb4.20.2&#8243; _module_preset=\u00bbdefault\u00bb global_colors_info=\u00bb{}\u00bb][et_pb_blurb use_icon=\u00bbon\u00bb font_icon=\u00bb&#xf653;||fa||900&#8243; _builder_version=\u00bb4.20.2&#8243; _module_preset=\u00bb2493bc9f-5162-4aea-b093-2a17f4945e49&#8243; global_colors_info=\u00bb{}\u00bb]<\/p>\n<h4>Opciones de financiaci\u00f3n y renting<\/h4>\n<p>Elige la maquinaria que m\u00e1s te guste y aprovecha la flexibilidad que te ofrecemos con las distintas opciones de financiaci\u00f3n.<\/p>\n<p>[\/et_pb_blurb][\/et_pb_column][\/et_pb_row][\/et_pb_section][et_pb_section fb_built=\u00bb1&#8243; module_id=\u00bbform\u00bb _builder_version=\u00bb4.20.2&#8243; _module_preset=\u00bbdefault\u00bb background_color=\u00bb#E0DFDC\u00bb custom_margin=\u00bb-6px|||||\u00bb custom_padding=\u00bb54px|||||\u00bb global_module=\u00bb1530&#8243; saved_tabs=\u00bball\u00bb global_colors_info=\u00bb{}\u00bb][et_pb_row column_structure=\u00bb2_5,3_5&#8243; _builder_version=\u00bb4.20.2&#8243; _module_preset=\u00bbdefault\u00bb global_colors_info=\u00bb{}\u00bb][et_pb_column type=\u00bb2_5&#8243; _builder_version=\u00bb4.20.2&#8243; _module_preset=\u00bbdefault\u00bb global_colors_info=\u00bb{}\u00bb][et_pb_text _builder_version=\u00bb4.20.2&#8243; _module_preset=\u00bbdefault\u00bb global_colors_info=\u00bb{}\u00bb]<\/p>\n<h2>Contacta con un asesor<\/h2>\n<p>Uno de nuestros asesores de Carb\u00f3 Carretilles te ayudar\u00e1 a elegir la mejor opci\u00f3n para tu negocio.<\/p>\n<p>[\/et_pb_text][et_pb_blurb use_icon=\u00bbon\u00bb font_icon=\u00bb&#xf879;||fa||900&#8243; _builder_version=\u00bb4.20.2&#8243; _module_preset=\u00bbec5326d0-6ee4-4c52-b86b-a4578419714f\u00bb body_link_text_color=\u00bb#211915&#8243; custom_margin=\u00bb45px|||||\u00bb global_colors_info=\u00bb{}\u00bb]<\/p>\n<p><a href=\"tel:938171711\">93 817 17 11<\/a><\/p>\n<p>[\/et_pb_blurb][et_pb_blurb use_icon=\u00bbon\u00bb font_icon=\u00bb&#xf0e0;||fa||900&#8243; _builder_version=\u00bb4.20.2&#8243; _module_preset=\u00bbec5326d0-6ee4-4c52-b86b-a4578419714f\u00bb body_link_text_color=\u00bb#211915&#8243; global_colors_info=\u00bb{}\u00bb]<\/p>\n<p><a href=\"mailto:carboinfo@carretilles.com\">carboinfo@carretilles.com<\/a><\/p>\n<p>[\/et_pb_blurb][\/et_pb_column][et_pb_column type=\u00bb3_5&#8243; _builder_version=\u00bb4.20.2&#8243; _module_preset=\u00bbdefault\u00bb global_colors_info=\u00bb{}\u00bb][dipi_gravity_forms_styler gf_form_id=\u00bb1&#8243; use_ajax=\u00bbon\u00bb _builder_version=\u00bb4.20.2&#8243; _module_preset=\u00bbdefault\u00bb border_color_all_focus_field=\u00bb#E67A01&#8243; border_radii_input_field=\u00bbon|3px|3px|3px|3px\u00bb border_radii_textarea_field=\u00bbon|3px|3px|3px|3px\u00bb border_color_all_textarea_field=\u00bb#211915&#8243; global_colors_info=\u00bb{}\u00bb][\/dipi_gravity_forms_styler][\/et_pb_column][\/et_pb_row][\/et_pb_section]<\/p>\n","protected":false},"excerpt":{"rendered":"<p>Nuestra filosof\u00eda como empresa de servicios es adecuarnos a las necesidades y demandas de los clientes, por eso disponemos de la m\u00e1s amplia gama de modelos de alquiler a corto y largo plazo.Nuestra maquinaria se encuentra bajo supervisi\u00f3n constante para garantizar el mejor rendimiento, seguridad y estar listos para responder en cualquier situaci\u00f3n. Entre nuestras [&hellip;]<\/p>\n","protected":false},"author":1,"featured_media":1833,"parent":0,"menu_order":0,"comment_status":"closed","ping_status":"closed","template":"","meta":{"_et_pb_use_builder":"on","_et_pb_old_content":"","_et_gb_content_width":"","footnotes":""},"class_list":["post-2348","page","type-page","status-publish","has-post-thumbnail","hentry"],"_links":{"self":[{"href":"https:\/\/www.carretilles.com\/es\/wp-json\/wp\/v2\/pages\/2348","targetHints":{"allow":["GET"]}}],"collection":[{"href":"https:\/\/www.carretilles.com\/es\/wp-json\/wp\/v2\/pages"}],"about":[{"href":"https:\/\/www.carretilles.com\/es\/wp-json\/wp\/v2\/types\/page"}],"author":[{"embeddable":true,"href":"https:\/\/www.carretilles.com\/es\/wp-json\/wp\/v2\/users\/1"}],"replies":[{"embeddable":true,"href":"https:\/\/www.carretilles.com\/es\/wp-json\/wp\/v2\/comments?post=2348"}],"version-history":[{"count":0,"href":"https:\/\/www.carretilles.com\/es\/wp-json\/wp\/v2\/pages\/2348\/revisions"}],"wp:featuredmedia":[{"embeddable":true,"href":"https:\/\/www.carretilles.com\/es\/wp-json\/wp\/v2\/media\/1833"}],"wp:attachment":[{"href":"https:\/\/www.carretilles.com\/es\/wp-json\/wp\/v2\/media?parent=2348"}],"curies":[{"name":"wp","href":"https:\/\/api.w.org\/{rel}","templated":true}]}}