{"id":2375,"date":"2023-08-01T13:31:17","date_gmt":"2023-08-01T13:31:17","guid":{"rendered":"https:\/\/www.carretilles.com\/servicio-tecnico\/"},"modified":"2023-10-10T08:11:04","modified_gmt":"2023-10-10T08:11:04","slug":"servicio-tecnico","status":"publish","type":"page","link":"https:\/\/www.carretilles.com\/es\/servicio-tecnico\/","title":{"rendered":"Servicio t\u00e9cnico"},"content":{"rendered":"<p>[et_pb_section fb_built=\u00bb1&#8243; _builder_version=\u00bb4.20.2&#8243; _module_preset=\u00bbdefault\u00bb background_color=\u00bb#999999&#8243; background_image=\u00bbhttps:\/\/www.carretilles.com\/wp-content\/uploads\/2023\/09\/Servei-i-reparacions-Carbo-carretilles.jpg\u00bb background_blend=\u00bbmultiply\u00bb min_height=\u00bb450px\u00bb global_colors_info=\u00bb{}\u00bb][et_pb_row column_structure=\u00bb3_4,1_4&#8243; _builder_version=\u00bb4.20.2&#8243; _module_preset=\u00bbdefault\u00bb custom_padding=\u00bb0px||0px|||\u00bb global_colors_info=\u00bb{}\u00bb][et_pb_column type=\u00bb3_4&#8243; _builder_version=\u00bb4.20.2&#8243; _module_preset=\u00bbdefault\u00bb global_colors_info=\u00bb{}\u00bb][\/et_pb_column][et_pb_column type=\u00bb1_4&#8243; _builder_version=\u00bb4.20.2&#8243; _module_preset=\u00bbdefault\u00bb global_colors_info=\u00bb{}\u00bb][et_pb_image src=\u00bbhttps:\/\/www.carretilles.com\/wp-content\/uploads\/2023\/06\/still-logo.png\u00bb title_text=\u00bbstill-logo\u00bb align=\u00bbcenter\u00bb _builder_version=\u00bb4.20.2&#8243; _module_preset=\u00bbdefault\u00bb background_color=\u00bb#ffffff\u00bb width=\u00bb92%\u00bb custom_margin=\u00bb||||false|false\u00bb custom_padding=\u00bb15px|0px|15px|0px|false|false\u00bb global_colors_info=\u00bb{}\u00bb][\/et_pb_image][\/et_pb_column][\/et_pb_row][et_pb_row column_structure=\u00bb3_4,1_4&#8243; _builder_version=\u00bb4.20.2&#8243; _module_preset=\u00bbdefault\u00bb global_colors_info=\u00bb{}\u00bb][et_pb_column type=\u00bb3_4&#8243; _builder_version=\u00bb4.20.2&#8243; _module_preset=\u00bbdefault\u00bb global_colors_info=\u00bb{}\u00bb][et_pb_cta title=\u00bbServicio t\u00e9cnico\u00bb _builder_version=\u00bb4.20.2&#8243; _module_preset=\u00bbdefault\u00bb header_level=\u00bbh1&#8243; background_layout=\u00bbdark\u00bb hover_enabled=\u00bb0&#8243; global_colors_info=\u00bb{}\u00bb sticky_enabled=\u00bb0&#8243;]<\/p>\n<p>En Carb\u00f3 Carretilles somos conscientes de que lo importante para nuestro cliente es disponer de un servicio posventa de calidad, que garantice una respuesta r\u00e1pida a los problemas. Por este motivo disponemos de m\u00e1s de 3.000 m2 de taller para atender cualquier clase de maquinaria.<\/p>\n<p>[\/et_pb_cta][\/et_pb_column][et_pb_column type=\u00bb1_4&#8243; _builder_version=\u00bb4.20.2&#8243; _module_preset=\u00bbdefault\u00bb global_colors_info=\u00bb{}\u00bb][\/et_pb_column][\/et_pb_row][\/et_pb_section][et_pb_section fb_built=\u00bb1&#8243; _builder_version=\u00bb4.20.2&#8243; _module_preset=\u00bbdefault\u00bb global_colors_info=\u00bb{}\u00bb][et_pb_row _builder_version=\u00bb4.20.2&#8243; _module_preset=\u00bbdefault\u00bb global_colors_info=\u00bb{}\u00bb][et_pb_column type=\u00bb4_4&#8243; _builder_version=\u00bb4.20.2&#8243; _module_preset=\u00bbdefault\u00bb global_colors_info=\u00bb{}\u00bb][et_pb_text _builder_version=\u00bb4.20.2&#8243; _module_preset=\u00bbdefault\u00bb global_colors_info=\u00bb{}\u00bb]<\/p>\n<h2 style=\"text-align: left;\">\u00bfQu\u00e9 servicio t\u00e9cnico necesitas?<\/h2>\n<p>[\/et_pb_text][\/et_pb_column][\/et_pb_row][et_pb_row column_structure=\u00bb1_3,1_3,1_3&#8243; _builder_version=\u00bb4.20.2&#8243; _module_preset=\u00bbdefault\u00bb global_colors_info=\u00bb{}\u00bb][et_pb_column type=\u00bb1_3&#8243; _builder_version=\u00bb4.20.2&#8243; _module_preset=\u00bbdefault\u00bb global_colors_info=\u00bb{}\u00bb][et_pb_blurb url=\u00bb#mantenimiento\u00bb use_icon=\u00bbon\u00bb font_icon=\u00bb&#xf552;||fa||900&#8243; _builder_version=\u00bb4.20.2&#8243; _module_preset=\u00bb2493bc9f-5162-4aea-b093-2a17f4945e49&#8243; global_colors_info=\u00bb{}\u00bb]<\/p>\n<p>Mantenimiento<\/p>\n<p>[\/et_pb_blurb][\/et_pb_column][et_pb_column type=\u00bb1_3&#8243; _builder_version=\u00bb4.20.2&#8243; _module_preset=\u00bbdefault\u00bb global_colors_info=\u00bb{}\u00bb][et_pb_blurb url=\u00bb#reparaciones\u00bb use_icon=\u00bbon\u00bb font_icon=\u00bb&#xf7d9;||fa||900&#8243; _builder_version=\u00bb4.20.2&#8243; _module_preset=\u00bb2493bc9f-5162-4aea-b093-2a17f4945e49&#8243; global_colors_info=\u00bb{}\u00bb]<\/p>\n<p>Reparaciones<\/p>\n<p>[\/et_pb_blurb][\/et_pb_column][et_pb_column type=\u00bb1_3&#8243; _builder_version=\u00bb4.20.2&#8243; _module_preset=\u00bbdefault\u00bb global_colors_info=\u00bb{}\u00bb][et_pb_blurb url=\u00bb#repuestos\u00bb use_icon=\u00bbon\u00bb font_icon=\u00bb&#xf085;||fa||900&#8243; _builder_version=\u00bb4.20.2&#8243; _module_preset=\u00bb2493bc9f-5162-4aea-b093-2a17f4945e49&#8243; global_colors_info=\u00bb{}\u00bb]<\/p>\n<p>Repuestos<\/p>\n<p>[\/et_pb_blurb][\/et_pb_column][\/et_pb_row][\/et_pb_section][et_pb_section fb_built=\u00bb1&#8243; module_id=\u00bbmantenimiento\u00bb _builder_version=\u00bb4.20.2&#8243; _module_preset=\u00bbdefault\u00bb global_colors_info=\u00bb{}\u00bb][et_pb_row column_structure=\u00bb1_2,1_2&#8243; module_id=\u00bb#manteniment\u00bb _builder_version=\u00bb4.20.2&#8243; _module_preset=\u00bbdefault\u00bb custom_css_main_element=\u00bb\/*display: flex;||align-items: center;*\/\u00bb global_colors_info=\u00bb{}\u00bb][et_pb_column type=\u00bb1_2&#8243; _builder_version=\u00bb4.20.2&#8243; _module_preset=\u00bbdefault\u00bb global_colors_info=\u00bb{}\u00bb][et_pb_cta title=\u00bbMantenimiento\u00bb _builder_version=\u00bb4.20.2&#8243; _module_preset=\u00bbdefault\u00bb global_colors_info=\u00bb{}\u00bb]<\/p>\n<p>En Carb\u00f3 Carretilles disfrutamos de una alta disponibilidad de piezas de repuesto, ya que tenemos conexi\u00f3n directa con los proveedores de las marcas oficiales en Espa\u00f1a y Europa.<\/p>\n<p>El mantenimiento de un veh\u00edculo o maquinaria es uno de los factores clave para alargar su vida y garantizar su buen funcionamiento. Por eso, garantizamos una amplia oferta en accesorios, mantenimiento y revisiones.<\/p>\n<p>Adem\u00e1s, los distintos residuos generados o recogidos en las instalaciones de nuestros clientes, los gestionamos y colaboramos con gestores autorizados; como pueden ser aceites, filtros, bater\u00edas o neum\u00e1ticos, trabajando con cuidado y conciencia para el medio ambiente.<\/p>\n<p>[\/et_pb_cta][\/et_pb_column][et_pb_column type=\u00bb1_2&#8243; _builder_version=\u00bb4.20.2&#8243; _module_preset=\u00bbdefault\u00bb global_colors_info=\u00bb{}\u00bb][et_pb_image src=\u00bbhttps:\/\/www.carretilles.com\/wp-content\/uploads\/2023\/09\/Manteniment-de-carretilles-Carbo-carretilles.jpg\u00bb alt=\u00bbServicio de mantenimiento de carretillas, maquinaria y otros en Carb\u00f3 Carretilles.\u00bb title_text=\u00bbServicio de mantenimiento de carretillas, maquinaria y otros en Carb\u00f3 Carretilles.\u00bb _builder_version=\u00bb4.20.2&#8243; _module_preset=\u00bbdefault\u00bb global_colors_info=\u00bb{}\u00bb][\/et_pb_image][\/et_pb_column][\/et_pb_row][\/et_pb_section][et_pb_section fb_built=\u00bb1&#8243; module_id=\u00bbreparaciones\u00bb _builder_version=\u00bb4.20.2&#8243; _module_preset=\u00bbdefault\u00bb global_colors_info=\u00bb{}\u00bb][et_pb_row column_structure=\u00bb1_2,1_2&#8243; module_id=\u00bb#reparacions\u00bb _builder_version=\u00bb4.20.2&#8243; _module_preset=\u00bbdefault\u00bb custom_css_main_element=\u00bb\/*display: flex;||align-items: center;*\/\u00bb global_colors_info=\u00bb{}\u00bb][et_pb_column type=\u00bb1_2&#8243; _builder_version=\u00bb4.20.2&#8243; _module_preset=\u00bbdefault\u00bb global_colors_info=\u00bb{}\u00bb][et_pb_cta title=\u00bbReparaciones\u00bb _builder_version=\u00bb4.20.2&#8243; _module_preset=\u00bbdefault\u00bb global_colors_info=\u00bb{}\u00bb]<\/p>\n<p>Contamos con una flota propia de veh\u00edculos: furgonetas taller completamente equipadas para dar servicio t\u00e9cnico en un m\u00ednimo margen de tiempo para garantizar el ritmo de trabajo en la empresa.<\/p>\n<p>Tambi\u00e9n, disponemos de cami\u00f3n en caso de que se requiera una sustituci\u00f3n de la carretilla, garantizando un tiempo r\u00e1pido de respuesta.<\/p>\n<p>[\/et_pb_cta][\/et_pb_column][et_pb_column type=\u00bb1_2&#8243; _builder_version=\u00bb4.20.2&#8243; _module_preset=\u00bbdefault\u00bb global_colors_info=\u00bb{}\u00bb][et_pb_image src=\u00bbhttps:\/\/www.carretilles.com\/wp-content\/uploads\/2023\/09\/Reparacions-de-carretilles-Carbo-carretilles.jpg\u00bb alt=\u00bbReparaciones de carretillas y maquinaria STILL en Carb\u00f3 Carretilles.\u00bb title_text=\u00bbReparaciones de carretillas y maquinaria STILL en Carb\u00f3 Carretilles.\u00bb _builder_version=\u00bb4.20.2&#8243; _module_preset=\u00bbdefault\u00bb global_colors_info=\u00bb{}\u00bb][\/et_pb_image][\/et_pb_column][\/et_pb_row][\/et_pb_section][et_pb_section fb_built=\u00bb1&#8243; module_id=\u00bbrepuestos\u00bb _builder_version=\u00bb4.20.2&#8243; _module_preset=\u00bbdefault\u00bb global_colors_info=\u00bb{}\u00bb][et_pb_row column_structure=\u00bb1_2,1_2&#8243; module_id=\u00bb#recanvis\u00bb _builder_version=\u00bb4.20.2&#8243; _module_preset=\u00bbdefault\u00bb custom_css_main_element=\u00bb\/*display: flex;||align-items: center;*\/\u00bb global_colors_info=\u00bb{}\u00bb][et_pb_column type=\u00bb1_2&#8243; _builder_version=\u00bb4.20.2&#8243; _module_preset=\u00bbdefault\u00bb global_colors_info=\u00bb{}\u00bb][et_pb_cta title=\u00bbRepuestos\u00bb _builder_version=\u00bb4.20.2&#8243; _module_preset=\u00bbdefault\u00bb global_colors_info=\u00bb{}\u00bb]<\/p>\n<p>Todos nuestros paquetes de servicio t\u00e9cnico incluyen piezas de repuesto originales para garantizar una larga vida a la maquinaria.<\/p>\n<p>Tambi\u00e9n disponemos de un sistema de gesti\u00f3n totalmente informatizado que nos permite ofrecer un servicio profesionalizado y adecuado para cada cliente.<\/p>\n<p>Si necesitas cualquier repuesto o tienes alguna consulta al respecto, no dudes en contactar con nosotros, un t\u00e9cnico especializado te atender\u00e1 al instante.<\/p>\n<p>[\/et_pb_cta][\/et_pb_column][et_pb_column type=\u00bb1_2&#8243; _builder_version=\u00bb4.20.2&#8243; _module_preset=\u00bbdefault\u00bb global_colors_info=\u00bb{}\u00bb][et_pb_image src=\u00bbhttps:\/\/www.carretilles.com\/wp-content\/uploads\/2023\/09\/Recanvis-de-carretilles-Carbo-carretilles.jpg\u00bb alt=\u00bbRepuestos oficiales para carretillas y maquinaria STILL en Carb\u00f3 Carretilles.\u00bb title_text=\u00bbRepuestos oficiales para carretillas y maquinaria STILL en Carb\u00f3 Carretilles.\u00bb _builder_version=\u00bb4.20.2&#8243; _module_preset=\u00bbdefault\u00bb global_colors_info=\u00bb{}\u00bb][\/et_pb_image][\/et_pb_column][\/et_pb_row][\/et_pb_section][et_pb_section fb_built=\u00bb1&#8243; _builder_version=\u00bb4.20.2&#8243; _module_preset=\u00bbdefault\u00bb background_image=\u00bbhttps:\/\/www.carretilles.com\/wp-content\/uploads\/2023\/08\/Carretilles-elevadores-noves.jpg\u00bb min_height=\u00bb400px\u00bb global_colors_info=\u00bb{}\u00bb][et_pb_row _builder_version=\u00bb4.20.2&#8243; _module_preset=\u00bbdefault\u00bb positioning=\u00bbabsolute\u00bb position_origin_a=\u00bbcenter_center\u00bb position_origin_a_tablet=\u00bbcenter_center\u00bb position_origin_a_phone=\u00bbcenter_center\u00bb position_origin_a_last_edited=\u00bbon|desktop\u00bb position_origin_f_tablet=\u00bb\u00bb position_origin_f_phone=\u00bb\u00bb position_origin_f_last_edited=\u00bbon|desktop\u00bb position_origin_r_tablet=\u00bb\u00bb position_origin_r_phone=\u00bb\u00bb position_origin_r_last_edited=\u00bbon|desktop\u00bb positioning_tablet=\u00bbnone\u00bb positioning_phone=\u00bbnone\u00bb positioning_last_edited=\u00bbon|phone\u00bb global_colors_info=\u00bb{}\u00bb][et_pb_column type=\u00bb4_4&#8243; _builder_version=\u00bb4.20.2&#8243; _module_preset=\u00bbdefault\u00bb global_colors_info=\u00bb{}\u00bb][et_pb_cta title=\u00bbPonte en contacto con nosotros y te asesoramos\u00bb button_url=\u00bb@ET-DC@eyJkeW5hbWljIjp0cnVlLCJjb250ZW50IjoicG9zdF9saW5rX3VybF9wYWdlIiwic2V0dGluZ3MiOnsicG9zdF9pZCI6IjEzOTIifX0=@\u00bb button_text=\u00bbContacta con nosotros\u00bb _builder_version=\u00bb4.20.2&#8243; _dynamic_attributes=\u00bbbutton_url\u00bb _module_preset=\u00bbdefault\u00bb text_orientation=\u00bbcenter\u00bb background_layout=\u00bbdark\u00bb global_colors_info=\u00bb{}\u00bb]<\/p>\n<p>\u00bfNecesitas informaci\u00f3n sobre carretillas retr\u00e1ctiles o maquinaria de elevaci\u00f3n?<\/p>\n<p>[\/et_pb_cta][\/et_pb_column][\/et_pb_row][\/et_pb_section]<\/p>\n","protected":false},"excerpt":{"rendered":"<p>En Carb\u00f3 Carretilles somos conscientes de que lo importante para nuestro cliente es disponer de un servicio posventa de calidad, que garantice una respuesta r\u00e1pida a los problemas. Por este motivo disponemos de m\u00e1s de 3.000 m2 de taller para atender cualquier clase de maquinaria.\u00bfQu\u00e9 servicio t\u00e9cnico necesitas?MantenimientoReparacionesRepuestosEn Carb\u00f3 Carretilles disfrutamos de una alta disponibilidad [&hellip;]<\/p>\n","protected":false},"author":1,"featured_media":1863,"parent":0,"menu_order":0,"comment_status":"closed","ping_status":"closed","template":"","meta":{"_et_pb_use_builder":"on","_et_pb_old_content":"","_et_gb_content_width":"","footnotes":""},"class_list":["post-2375","page","type-page","status-publish","has-post-thumbnail","hentry"],"_links":{"self":[{"href":"https:\/\/www.carretilles.com\/es\/wp-json\/wp\/v2\/pages\/2375","targetHints":{"allow":["GET"]}}],"collection":[{"href":"https:\/\/www.carretilles.com\/es\/wp-json\/wp\/v2\/pages"}],"about":[{"href":"https:\/\/www.carretilles.com\/es\/wp-json\/wp\/v2\/types\/page"}],"author":[{"embeddable":true,"href":"https:\/\/www.carretilles.com\/es\/wp-json\/wp\/v2\/users\/1"}],"replies":[{"embeddable":true,"href":"https:\/\/www.carretilles.com\/es\/wp-json\/wp\/v2\/comments?post=2375"}],"version-history":[{"count":0,"href":"https:\/\/www.carretilles.com\/es\/wp-json\/wp\/v2\/pages\/2375\/revisions"}],"wp:featuredmedia":[{"embeddable":true,"href":"https:\/\/www.carretilles.com\/es\/wp-json\/wp\/v2\/media\/1863"}],"wp:attachment":[{"href":"https:\/\/www.carretilles.com\/es\/wp-json\/wp\/v2\/media?parent=2375"}],"curies":[{"name":"wp","href":"https:\/\/api.w.org\/{rel}","templated":true}]}}