{"id":2396,"date":"2023-08-01T13:37:02","date_gmt":"2023-08-01T13:37:02","guid":{"rendered":"https:\/\/www.carretilles.com\/venta-de-carretillas-nuevas\/carretillas-elevadoras-contrapesadas-diesel-y-gas\/"},"modified":"2023-10-10T11:31:40","modified_gmt":"2023-10-10T11:31:40","slug":"carretillas-elevadoras-contrapesadas-diesel-y-gas","status":"publish","type":"page","link":"https:\/\/www.carretilles.com\/es\/venta-de-carretillas-nuevas\/carretillas-elevadoras-contrapesadas-diesel-y-gas\/","title":{"rendered":"Carretillas Elevadoras Contrapesadas Diesel y Gas"},"content":{"rendered":"<p>[et_pb_section fb_built=\u00bb1&#8243; _builder_version=\u00bb4.20.2&#8243; _module_preset=\u00bbdefault\u00bb background_color=\u00bb#CCCCCC\u00bb background_image=\u00bbhttps:\/\/www.carretilles.com\/wp-content\/uploads\/2023\/08\/Carretilles-elevadores-contrapesades-diesel-i-gas.jpg\u00bb background_blend=\u00bbmultiply\u00bb min_height=\u00bb450px\u00bb global_colors_info=\u00bb{}\u00bb][et_pb_row column_structure=\u00bb3_4,1_4&#8243; _builder_version=\u00bb4.20.2&#8243; _module_preset=\u00bbdefault\u00bb custom_padding=\u00bb0px||0px|||\u00bb global_colors_info=\u00bb{}\u00bb][et_pb_column type=\u00bb3_4&#8243; _builder_version=\u00bb4.20.2&#8243; _module_preset=\u00bbdefault\u00bb global_colors_info=\u00bb{}\u00bb][\/et_pb_column][et_pb_column type=\u00bb1_4&#8243; _builder_version=\u00bb4.20.2&#8243; _module_preset=\u00bbdefault\u00bb global_colors_info=\u00bb{}\u00bb][et_pb_image src=\u00bbhttps:\/\/www.carretilles.com\/wp-content\/uploads\/2023\/06\/still-logo.png\u00bb title_text=\u00bbstill-logo\u00bb align=\u00bbcenter\u00bb _builder_version=\u00bb4.20.2&#8243; _module_preset=\u00bbdefault\u00bb background_color=\u00bb#ffffff\u00bb width=\u00bb92%\u00bb custom_margin=\u00bb||||false|false\u00bb custom_padding=\u00bb15px|0px|15px|0px|false|false\u00bb global_colors_info=\u00bb{}\u00bb][\/et_pb_image][\/et_pb_column][\/et_pb_row][et_pb_row column_structure=\u00bb3_4,1_4&#8243; _builder_version=\u00bb4.20.2&#8243; _module_preset=\u00bbdefault\u00bb global_colors_info=\u00bb{}\u00bb][et_pb_column type=\u00bb3_4&#8243; _builder_version=\u00bb4.20.2&#8243; _module_preset=\u00bbdefault\u00bb global_colors_info=\u00bb{}\u00bb][et_pb_cta title=\u00bbCarretillas Elevadoras Contrapesadas Diesel y Gas\u00bb button_url=\u00bb#mes\u00bb button_text=\u00bbM\u00e1s informaci\u00f3n\u00bb _builder_version=\u00bb4.20.2&#8243; _module_preset=\u00bbdefault\u00bb header_level=\u00bbh1&#8243; background_layout=\u00bbdark\u00bb global_colors_info=\u00bb{}\u00bb]<\/p>\n<p>Mayor rendimiento, menor consumo.<\/p>\n<p>[\/et_pb_cta][\/et_pb_column][et_pb_column type=\u00bb1_4&#8243; _builder_version=\u00bb4.20.2&#8243; _module_preset=\u00bbdefault\u00bb global_colors_info=\u00bb{}\u00bb][\/et_pb_column][\/et_pb_row][\/et_pb_section][et_pb_section fb_built=\u00bb1&#8243; module_id=\u00bbmes\u00bb _builder_version=\u00bb4.20.2&#8243; _module_preset=\u00bbdefault\u00bb global_colors_info=\u00bb{}\u00bb][et_pb_row column_structure=\u00bb1_2,1_2&#8243; _builder_version=\u00bb4.20.2&#8243; _module_preset=\u00bbdefault\u00bb global_colors_info=\u00bb{}\u00bb][et_pb_column type=\u00bb1_2&#8243; _builder_version=\u00bb4.20.2&#8243; _module_preset=\u00bbdefault\u00bb global_colors_info=\u00bb{}\u00bb][et_pb_text _builder_version=\u00bb4.20.2&#8243; _module_preset=\u00bbdefault\u00bb global_colors_info=\u00bb{}\u00bb]<\/p>\n<p>Gracias a la <strong>tecnolog\u00eda de los motores m\u00e1s avanzada<\/strong> y los componentes de tracci\u00f3n adaptados de forma \u00f3ptima, es posible conseguir que las carretillas diesel y GLP sean <strong>potentes en funcionamiento como eficientes en consumo.<\/strong>.<\/p>\n<p>TIenen una <strong>capacidad de carga de hasta 18 toneladas<\/strong>, que pueden controlarse con precisi\u00f3n en todo momento. Tambi\u00e9n, la variedad de modelos de los que disponemos en Carb\u00f3 Carretilles, facilita que puedas encontrar la maquinaria que m\u00e1s se adapte a tus operaciones, a los diferentes ambientes, temperaturas y materiales.<\/p>\n<p>La ergonom\u00eda de las carretillas diesel y GLP ofrece a los operarios asientos c\u00f3modos para la espalda, grandes escalones y cabinas amplias, obteniendo as\u00ed <strong>el mejor confort y seguridad<\/strong> para proteger la salud f\u00edsica de los trabajadores. Un veh\u00edculo siempre preparado para el trabajo.<\/p>\n<p>[\/et_pb_text][\/et_pb_column][et_pb_column type=\u00bb1_2&#8243; _builder_version=\u00bb4.20.2&#8243; _module_preset=\u00bbdefault\u00bb global_colors_info=\u00bb{}\u00bb][et_pb_image src=\u00bbhttps:\/\/www.carretilles.com\/wp-content\/uploads\/2023\/09\/Carretilles-Diesel-i-Gas-Carretilles-Carbo.jpg\u00bb alt=\u00bbCarretillas Di\u00e9sel y Gas en Carb\u00f3 Carretilles.\u00bb title_text=\u00bbCarretillas Di\u00e9sel y Gas en Carb\u00f3 Carretilles.\u00bb _builder_version=\u00bb4.20.2&#8243; _module_preset=\u00bbdefault\u00bb global_colors_info=\u00bb{}\u00bb][\/et_pb_image][\/et_pb_column][\/et_pb_row][\/et_pb_section][et_pb_section fb_built=\u00bb1&#8243; module_id=\u00bbform\u00bb _builder_version=\u00bb4.20.2&#8243; _module_preset=\u00bbdefault\u00bb background_color=\u00bb#E0DFDC\u00bb custom_margin=\u00bb-6px|||||\u00bb custom_padding=\u00bb54px|||||\u00bb global_module=\u00bb1530&#8243; saved_tabs=\u00bball\u00bb global_colors_info=\u00bb{}\u00bb][et_pb_row column_structure=\u00bb2_5,3_5&#8243; _builder_version=\u00bb4.20.2&#8243; _module_preset=\u00bbdefault\u00bb global_colors_info=\u00bb{}\u00bb][et_pb_column type=\u00bb2_5&#8243; _builder_version=\u00bb4.20.2&#8243; _module_preset=\u00bbdefault\u00bb global_colors_info=\u00bb{}\u00bb][et_pb_text _builder_version=\u00bb4.20.2&#8243; _module_preset=\u00bbdefault\u00bb global_colors_info=\u00bb{}\u00bb]<\/p>\n<h2>Contacta con un asesor<\/h2>\n<p>Uno de nuestros asesores de Carb\u00f3 Carretilles te ayudar\u00e1 a elegir la mejor opci\u00f3n para tu negocio.<\/p>\n<p>[\/et_pb_text][et_pb_blurb use_icon=\u00bbon\u00bb font_icon=\u00bb&#xf879;||fa||900&#8243; _builder_version=\u00bb4.20.2&#8243; _module_preset=\u00bbec5326d0-6ee4-4c52-b86b-a4578419714f\u00bb body_link_text_color=\u00bb#211915&#8243; custom_margin=\u00bb45px|||||\u00bb global_colors_info=\u00bb{}\u00bb]<\/p>\n<p><a href=\"tel:938171711\">93 817 17 11<\/a><\/p>\n<p>[\/et_pb_blurb][et_pb_blurb use_icon=\u00bbon\u00bb font_icon=\u00bb&#xf0e0;||fa||900&#8243; _builder_version=\u00bb4.20.2&#8243; _module_preset=\u00bbec5326d0-6ee4-4c52-b86b-a4578419714f\u00bb body_link_text_color=\u00bb#211915&#8243; global_colors_info=\u00bb{}\u00bb]<\/p>\n<p><a href=\"mailto:carboinfo@carretilles.com\">carboinfo@carretilles.com<\/a><\/p>\n<p>[\/et_pb_blurb][\/et_pb_column][et_pb_column type=\u00bb3_5&#8243; _builder_version=\u00bb4.20.2&#8243; _module_preset=\u00bbdefault\u00bb global_colors_info=\u00bb{}\u00bb][dipi_gravity_forms_styler gf_form_id=\u00bb1&#8243; use_ajax=\u00bbon\u00bb _builder_version=\u00bb4.20.2&#8243; _module_preset=\u00bbdefault\u00bb border_color_all_focus_field=\u00bb#E67A01&#8243; border_radii_input_field=\u00bbon|3px|3px|3px|3px\u00bb border_radii_textarea_field=\u00bbon|3px|3px|3px|3px\u00bb border_color_all_textarea_field=\u00bb#211915&#8243; global_colors_info=\u00bb{}\u00bb][\/dipi_gravity_forms_styler][\/et_pb_column][\/et_pb_row][\/et_pb_section][et_pb_section fb_built=\u00bb1&#8243; _builder_version=\u00bb4.20.2&#8243; _module_preset=\u00bbdefault\u00bb global_module=\u00bb1531&#8243; saved_tabs=\u00bball\u00bb global_colors_info=\u00bb{}\u00bb][et_pb_row _builder_version=\u00bb4.20.2&#8243; _module_preset=\u00bbdefault\u00bb global_colors_info=\u00bb{}\u00bb][et_pb_column type=\u00bb4_4&#8243; _builder_version=\u00bb4.20.2&#8243; _module_preset=\u00bbdefault\u00bb global_colors_info=\u00bb{}\u00bb][et_pb_text _builder_version=\u00bb4.20.2&#8243; _module_preset=\u00bbdefault\u00bb text_orientation=\u00bbcenter\u00bb global_colors_info=\u00bb{}\u00bb]<\/p>\n<h2>Carretillas elevadoras nuevas<\/h2>\n<p>[\/et_pb_text][dipi_carousel columns=\u00bb3&#8243; loop_wide=\u00bbon\u00bb show_lightbox=\u00bboff\u00bb navigation=\u00bbon\u00bb centered=\u00bbon\u00bb module_class=\u00bbcarousel-categories\u00bb _builder_version=\u00bb4.20.2&#8243; _module_preset=\u00bbdefault\u00bb title_font_size=\u00bb18px\u00bb global_colors_info=\u00bb{}\u00bb][dipi_carousel_child label=\u00bbCarretilles Elevadores Contrapesades Di\u00e9sel i Gas\u00bb img_src=\u00bbhttps:\/\/www.carretilles.com\/wp-content\/uploads\/2023\/08\/Carretilles-elevadores-contrapesades-diesel-i-gas.jpg\u00bb title_text=\u00bbCarretillas elevadoras contrapesadas di\u00e9sel y gas\u00bb desc_text=\u00bb<\/p>\n<p>Mayor rendimiento, menor consumo.<\/p>\n<p>\u00bb show_button=\u00bbon\u00bb carousel_button_text=\u00bbVer m\u00e1s\u00bb button_link=\u00bb@ET-DC@eyJkeW5hbWljIjp0cnVlLCJjb250ZW50IjoicG9zdF9saW5rX3VybF9wYWdlIiwic2V0dGluZ3MiOnsicG9zdF9pZCI6IjE0MDAifX0=@\u00bb _builder_version=\u00bb4.20.2&#8243; _dynamic_attributes=\u00bbbutton_link\u00bb _module_preset=\u00bbdefault\u00bb title_level=\u00bbh3&#8243; global_colors_info=\u00bb{}\u00bb][\/dipi_carousel_child][dipi_carousel_child label=\u00bbCarretilles Contrapesades el\u00e8ctriques\u00bb img_src=\u00bbhttps:\/\/www.carretilles.com\/wp-content\/uploads\/2023\/08\/Carretilles-electriques-contrapesades-2.jpg\u00bb title_text=\u00bbCarretillas contrapesadas el\u00e9ctricas\u00bb desc_text=\u00bb<\/p>\n<p>Explora la l\u00ednea de productos RX STILL.<\/p>\n<p>\u00bb show_button=\u00bbon\u00bb carousel_button_text=\u00bbVer m\u00e1s\u00bb button_link=\u00bb@ET-DC@eyJkeW5hbWljIjp0cnVlLCJjb250ZW50IjoicG9zdF9saW5rX3VybF9wYWdlIiwic2V0dGluZ3MiOnsicG9zdF9pZCI6IjEzOTgifX0=@\u00bb _builder_version=\u00bb4.20.2&#8243; _dynamic_attributes=\u00bbbutton_link\u00bb _module_preset=\u00bbdefault\u00bb title_level=\u00bbh3&#8243; global_colors_info=\u00bb{}\u00bb][\/dipi_carousel_child][dipi_carousel_child label=\u00bbCarretilles Retr\u00e0ctils\u00bb img_src=\u00bbhttps:\/\/www.carretilles.com\/wp-content\/uploads\/2023\/08\/Carretilles-Retractils.jpg\u00bb title_text=\u00bbCarretillas Retr\u00e1ctiles\u00bb desc_text=\u00bb<\/p>\n<p>Innova en cada escal\u00f3n de la producci\u00f3n.<\/p>\n<p>\u00bb show_button=\u00bbon\u00bb carousel_button_text=\u00bbVer m\u00e1s\u00bb button_link=\u00bb@ET-DC@eyJkeW5hbWljIjp0cnVlLCJjb250ZW50IjoicG9zdF9saW5rX3VybF9wYWdlIiwic2V0dGluZ3MiOnsicG9zdF9pZCI6IjE0NDMifX0=@\u00bb _builder_version=\u00bb4.20.2&#8243; _dynamic_attributes=\u00bbbutton_link\u00bb _module_preset=\u00bbdefault\u00bb title_level=\u00bbh3&#8243; global_colors_info=\u00bb{}\u00bb][\/dipi_carousel_child][dipi_carousel_child label=\u00bbTractors i tractors amb plataforma\u00bb img_src=\u00bbhttps:\/\/www.carretilles.com\/wp-content\/uploads\/2023\/08\/Tractors-i-tractors-amb-plataforma.jpg\u00bb title_text=\u00bbTractores y tractores con plataforma\u00bb desc_text=\u00bbEficacia en la manipulaci\u00f3n de material.\u00bb show_button=\u00bbon\u00bb carousel_button_text=\u00bbVer m\u00e1s\u00bb button_link=\u00bb@ET-DC@eyJkeW5hbWljIjp0cnVlLCJjb250ZW50IjoicG9zdF9saW5rX3VybF9wYWdlIiwic2V0dGluZ3MiOnsicG9zdF9pZCI6IjE0MDIifX0=@\u00bb _builder_version=\u00bb4.20.2&#8243; _dynamic_attributes=\u00bbbutton_link\u00bb _module_preset=\u00bbdefault\u00bb title_level=\u00bbh3&#8243; global_colors_info=\u00bb{}\u00bb][\/dipi_carousel_child][dipi_carousel_child label=\u00bbApiladors el\u00e8ctrics\u00bb img_src=\u00bbhttps:\/\/www.carretilles.com\/wp-content\/uploads\/2023\/08\/Apiladors.jpg\u00bb title_text=\u00bbApiladores\u00bb desc_text=\u00bb<\/p>\n<p><span style=%22font-weight: 400;%22>Consigue la mejora que siempre hab\u00edas buscado.<\/span><\/p>\n<p>\u00bb show_button=\u00bbon\u00bb carousel_button_text=\u00bbVer m\u00e1s\u00bb button_link=\u00bb@ET-DC@eyJkeW5hbWljIjp0cnVlLCJjb250ZW50IjoicG9zdF9saW5rX3VybF9wYWdlIiwic2V0dGluZ3MiOnsicG9zdF9pZCI6IjE0MDQifX0=@\u00bb _builder_version=\u00bb4.20.2&#8243; _dynamic_attributes=\u00bbbutton_link\u00bb _module_preset=\u00bbdefault\u00bb title_level=\u00bbh3&#8243; global_colors_info=\u00bb{}\u00bb][\/dipi_carousel_child][dipi_carousel_child label=\u00bbApiladors el\u00e8ctrics per dos nivells\u00bb img_src=\u00bbhttps:\/\/www.carretilles.com\/wp-content\/uploads\/2023\/08\/Transpalets-dobles.jpg\u00bb title_text=\u00bbApiladores el\u00e9ctricos para dos niveles\u00bb desc_text=\u00bb<\/p>\n<p>Ahorra tiempo y esfuerzo.<\/p>\n<p>\u00bb show_button=\u00bbon\u00bb carousel_button_text=\u00bbVer m\u00e1s\u00bb button_link=\u00bb@ET-DC@eyJkeW5hbWljIjp0cnVlLCJjb250ZW50IjoicG9zdF9saW5rX3VybF9wYWdlIiwic2V0dGluZ3MiOnsicG9zdF9pZCI6IjE0MDYifX0=@\u00bb _builder_version=\u00bb4.20.2&#8243; _dynamic_attributes=\u00bbbutton_link\u00bb _module_preset=\u00bbdefault\u00bb title_level=\u00bbh3&#8243; global_colors_info=\u00bb{}\u00bb][\/dipi_carousel_child][dipi_carousel_child label=\u00bbTranspalets el\u00e8ctrics\u00bb img_src=\u00bbhttps:\/\/www.carretilles.com\/wp-content\/uploads\/2023\/08\/Transpalets.jpg\u00bb title_text=\u00bbTranspaletas\u00bb desc_text=\u00bbFuncionalidad y confort.\u00bb show_button=\u00bbon\u00bb carousel_button_text=\u00bbVer m\u00e1s\u00bb button_link=\u00bb@ET-DC@eyJkeW5hbWljIjp0cnVlLCJjb250ZW50IjoicG9zdF9saW5rX3VybF9wYWdlIiwic2V0dGluZ3MiOnsicG9zdF9pZCI6IjE0MDgifX0=@\u00bb _builder_version=\u00bb4.20.2&#8243; _dynamic_attributes=\u00bbbutton_link\u00bb _module_preset=\u00bbdefault\u00bb title_level=\u00bbh3&#8243; global_colors_info=\u00bb{}\u00bb][\/dipi_carousel_child][dipi_carousel_child label=\u00bbCarretilles recullcomandes\u00bb img_src=\u00bbhttps:\/\/www.carretilles.com\/wp-content\/uploads\/2023\/08\/Recullcomandes.jpg\u00bb title_text=\u00bbCarretillas recogepedidos\u00bb desc_text=\u00bbEjecuta cualquier tarea de forma eficiente.\u00bb show_button=\u00bbon\u00bb carousel_button_text=\u00bbVer m\u00e1s\u00bb button_link=\u00bb@ET-DC@eyJkeW5hbWljIjp0cnVlLCJjb250ZW50IjoicG9zdF9saW5rX3VybF9wYWdlIiwic2V0dGluZ3MiOnsicG9zdF9pZCI6IjE0MTAifX0=@\u00bb _builder_version=\u00bb4.20.2&#8243; _dynamic_attributes=\u00bbbutton_link\u00bb _module_preset=\u00bbdefault\u00bb title_level=\u00bbh3&#8243; global_colors_info=\u00bb{}\u00bb][\/dipi_carousel_child][dipi_carousel_child label=\u00bbCarretilles recullcomandes verticals\u00bb img_src=\u00bbhttps:\/\/www.carretilles.com\/wp-content\/uploads\/2023\/08\/Recullcomandes-verticals.jpg\u00bb title_text=\u00bbRecogepedidos verticales\u00bb desc_text=\u00bbLos pasillos estrechos no ser\u00e1n un impedimento.\u00bb show_button=\u00bbon\u00bb carousel_button_text=\u00bbVer m\u00e1s\u00bb button_link=\u00bb@ET-DC@eyJkeW5hbWljIjp0cnVlLCJjb250ZW50IjoicG9zdF9saW5rX3VybF9wYWdlIiwic2V0dGluZ3MiOnsicG9zdF9pZCI6IjE0MTIifX0=@\u00bb _builder_version=\u00bb4.20.2&#8243; _dynamic_attributes=\u00bbbutton_link\u00bb _module_preset=\u00bbdefault\u00bb title_level=\u00bbh3&#8243; global_colors_info=\u00bb{}\u00bb][\/dipi_carousel_child][dipi_carousel_child label=\u00bbTrens de remolcs: The STILL LiftRunner\u00bb img_src=\u00bbhttps:\/\/www.carretilles.com\/wp-content\/uploads\/2023\/08\/Trens-de-remolcs.jpg\u00bb title_text=\u00bbTrenes de remolques: The STILL LiftRunner\u00bb desc_text=\u00bbSuministro de producci\u00f3n eficiente.\u00bb show_button=\u00bbon\u00bb carousel_button_text=\u00bbVer m\u00e1s\u00bb button_link=\u00bb@ET-DC@eyJkeW5hbWljIjp0cnVlLCJjb250ZW50IjoicG9zdF9saW5rX3VybF9wYWdlIiwic2V0dGluZ3MiOnsicG9zdF9pZCI6IjE0MTQifX0=@\u00bb _builder_version=\u00bb4.20.2&#8243; _dynamic_attributes=\u00bbbutton_link\u00bb _module_preset=\u00bbdefault\u00bb title_level=\u00bbh3&#8243; global_colors_info=\u00bb{}\u00bb][\/dipi_carousel_child][dipi_carousel_child label=\u00bbTranspalets Manuals\u00bb img_src=\u00bbhttps:\/\/www.carretilles.com\/wp-content\/uploads\/2023\/08\/Transpalets-manuals.jpg\u00bb title_text=\u00bbTranspaletas manuales\u00bb desc_text=\u00bbUn solo viaje con todo lo que necesitas.\u00bb show_button=\u00bbon\u00bb carousel_button_text=\u00bbVer m\u00e1s\u00bb button_link=\u00bb@ET-DC@eyJkeW5hbWljIjp0cnVlLCJjb250ZW50IjoicG9zdF9saW5rX3VybF9wYWdlIiwic2V0dGluZ3MiOnsicG9zdF9pZCI6IjE0MTYifX0=@\u00bb _builder_version=\u00bb4.20.2&#8243; _dynamic_attributes=\u00bbbutton_link\u00bb _module_preset=\u00bbdefault\u00bb title_level=\u00bbh3&#8243; global_colors_info=\u00bb{}\u00bb][\/dipi_carousel_child][dipi_carousel_child label=\u00bbSistemes d\u2019intralog\u00edstica\u00bb img_src=\u00bbhttps:\/\/www.carretilles.com\/wp-content\/uploads\/2023\/09\/Sistema-intralogistica-Carbo-carretilles-banner.jpg\u00bb title_text=\u00bbSistema intralog\u00edstica Carbo\u0301 Carretilles banner\u00bb desc_text=\u00bb<\/p>\n<p>Maximiza el rendimiento de tu empresa.<\/p>\n<p>\u00bb show_button=\u00bbon\u00bb carousel_button_text=\u00bbVer m\u00e1s\u00bb button_link=\u00bb@ET-DC@eyJkeW5hbWljIjp0cnVlLCJjb250ZW50IjoicG9zdF9saW5rX3VybF9wYWdlIiwic2V0dGluZ3MiOnsicG9zdF9pZCI6IjE0MTgifX0=@\u00bb _builder_version=\u00bb4.20.2&#8243; _dynamic_attributes=\u00bbbutton_link\u00bb _module_preset=\u00bbdefault\u00bb title_level=\u00bbh3&#8243; global_colors_info=\u00bb{}\u00bb][\/dipi_carousel_child][\/dipi_carousel][\/et_pb_column][\/et_pb_row][\/et_pb_section][et_pb_section fb_built=\u00bb1&#8243; _builder_version=\u00bb4.20.2&#8243; _module_preset=\u00bbdefault\u00bb background_image=\u00bbhttps:\/\/www.carretilles.com\/wp-content\/uploads\/2023\/08\/Carretilles-elevadores-noves.jpg\u00bb min_height=\u00bb400px\u00bb global_colors_info=\u00bb{}\u00bb][et_pb_row _builder_version=\u00bb4.20.2&#8243; _module_preset=\u00bbdefault\u00bb positioning=\u00bbabsolute\u00bb position_origin_a=\u00bbcenter_center\u00bb position_origin_a_tablet=\u00bbcenter_center\u00bb position_origin_a_phone=\u00bbcenter_center\u00bb position_origin_a_last_edited=\u00bbon|desktop\u00bb position_origin_f_tablet=\u00bb\u00bb position_origin_f_phone=\u00bb\u00bb position_origin_f_last_edited=\u00bbon|desktop\u00bb position_origin_r_tablet=\u00bb\u00bb position_origin_r_phone=\u00bb\u00bb position_origin_r_last_edited=\u00bbon|desktop\u00bb positioning_tablet=\u00bbnone\u00bb positioning_phone=\u00bbnone\u00bb positioning_last_edited=\u00bbon|phone\u00bb global_colors_info=\u00bb{}\u00bb][et_pb_column type=\u00bb4_4&#8243; _builder_version=\u00bb4.20.2&#8243; _module_preset=\u00bbdefault\u00bb global_colors_info=\u00bb{}\u00bb][et_pb_cta title=\u00bbPonte en contacto con nosotros y te asesoramos\u00bb button_url=\u00bb@ET-DC@eyJkeW5hbWljIjp0cnVlLCJjb250ZW50IjoicG9zdF9saW5rX3VybF9wYWdlIiwic2V0dGluZ3MiOnsicG9zdF9pZCI6IjEzOTIifX0=@\u00bb button_text=\u00bbContacta con nosotros\u00bb _builder_version=\u00bb4.20.2&#8243; _dynamic_attributes=\u00bbbutton_url\u00bb _module_preset=\u00bbdefault\u00bb text_orientation=\u00bbcenter\u00bb background_layout=\u00bbdark\u00bb global_colors_info=\u00bb{}\u00bb]<\/p>\n<p>\u00bfNecesitas informaci\u00f3n sobre carretillas retr\u00e1ctiles o maquinaria de elevaci\u00f3n?<\/p>\n<p>[\/et_pb_cta][\/et_pb_column][\/et_pb_row][\/et_pb_section]<\/p>\n","protected":false},"excerpt":{"rendered":"<p>Mayor rendimiento, menor consumo.Gracias a la tecnolog\u00eda de los motores m\u00e1s avanzada y los componentes de tracci\u00f3n adaptados de forma \u00f3ptima, es posible conseguir que las carretillas diesel y GLP sean potentes en funcionamiento como eficientes en consumo.. TIenen una capacidad de carga de hasta 18 toneladas, que pueden controlarse con precisi\u00f3n en todo momento. [&hellip;]<\/p>\n","protected":false},"author":1,"featured_media":1545,"parent":2384,"menu_order":0,"comment_status":"closed","ping_status":"closed","template":"","meta":{"_et_pb_use_builder":"on","_et_pb_old_content":"","_et_gb_content_width":"","footnotes":""},"class_list":["post-2396","page","type-page","status-publish","has-post-thumbnail","hentry"],"_links":{"self":[{"href":"https:\/\/www.carretilles.com\/es\/wp-json\/wp\/v2\/pages\/2396","targetHints":{"allow":["GET"]}}],"collection":[{"href":"https:\/\/www.carretilles.com\/es\/wp-json\/wp\/v2\/pages"}],"about":[{"href":"https:\/\/www.carretilles.com\/es\/wp-json\/wp\/v2\/types\/page"}],"author":[{"embeddable":true,"href":"https:\/\/www.carretilles.com\/es\/wp-json\/wp\/v2\/users\/1"}],"replies":[{"embeddable":true,"href":"https:\/\/www.carretilles.com\/es\/wp-json\/wp\/v2\/comments?post=2396"}],"version-history":[{"count":0,"href":"https:\/\/www.carretilles.com\/es\/wp-json\/wp\/v2\/pages\/2396\/revisions"}],"up":[{"embeddable":true,"href":"https:\/\/www.carretilles.com\/es\/wp-json\/wp\/v2\/pages\/2384"}],"wp:featuredmedia":[{"embeddable":true,"href":"https:\/\/www.carretilles.com\/es\/wp-json\/wp\/v2\/media\/1545"}],"wp:attachment":[{"href":"https:\/\/www.carretilles.com\/es\/wp-json\/wp\/v2\/media?parent=2396"}],"curies":[{"name":"wp","href":"https:\/\/api.w.org\/{rel}","templated":true}]}}