{"id":2523,"date":"2023-10-11T09:05:26","date_gmt":"2023-10-11T09:05:26","guid":{"rendered":"https:\/\/www.carretilles.com\/politica-de-privacidad\/"},"modified":"2023-10-11T09:53:40","modified_gmt":"2023-10-11T09:53:40","slug":"politica-de-privacidad","status":"publish","type":"page","link":"https:\/\/www.carretilles.com\/es\/politica-de-privacidad\/","title":{"rendered":"Pol\u00edtica de privacidad"},"content":{"rendered":"<p>[et_pb_section fb_built=\u00bb1&#8243; _builder_version=\u00bb4.22.2&#8243; _module_preset=\u00bbdefault\u00bb global_colors_info=\u00bb{}\u00bb][et_pb_row _builder_version=\u00bb4.22.2&#8243; _module_preset=\u00bbdefault\u00bb global_colors_info=\u00bb{}\u00bb][et_pb_column type=\u00bb4_4&#8243; _builder_version=\u00bb4.22.2&#8243; _module_preset=\u00bbdefault\u00bb global_colors_info=\u00bb{}\u00bb][et_pb_text _builder_version=\u00bb4.22.2&#8243; _module_preset=\u00bbdefault\u00bb hover_enabled=\u00bb0&#8243; global_colors_info=\u00bb{}\u00bb sticky_enabled=\u00bb0&#8243;]<\/p>\n<h1>Pol\u00edtica de privacidad<\/h1>\n<p>En CARB\u00d3 CARRETILLES S.L. nos preocupamos por la privacidad y la transparencia.<\/p>\n<p>A continuaci\u00f3n, le indicamos en detalle los tratamientos de datos personales que realizamos, as\u00ed como toda la informaci\u00f3n relativa a los mismos.<\/p>\n<h2>\u00bfQui\u00e9n es el responsable del tratamiento de sus datos?<\/h2>\n<ul>\n<li>CARB\u00d3 CARRETILLES S.L.<\/li>\n<li>B59079541<\/li>\n<li><a href=\"https:\/\/maps.app.goo.gl\/N4GYT6wtDhaYNuib7\" target=\"_blank\" rel=\"noopener\">Avenida de Tarragona 169, 08720 Vilafranca del Pened\u00e8s, Barcelona<\/a><\/li>\n<li><a href=\"mailto:carboinfo@carretilles.com\" target=\"_blank\" rel=\"noopener\">carboinfo@carretilles.com<\/a><\/li>\n<\/ul>\n<h2>\u00bfCu\u00e1les son sus derechos cuando nos facilita sus datos?<\/h2>\n<p>Cualquier persona tiene derecho a obtener confirmaci\u00f3n sobre si en CARB\u00d3 CARRETILLES estamos tratando, o no, datos personales que les conciernan.<\/p>\n<p>Las personas interesadas tienen derecho a acceder a sus datos personales, as\u00ed como a solicitar la rectificaci\u00f3n de los datos inexactos o, en su caso, solicitar su supresi\u00f3n cuando, entre otros motivos, los datos ya no sean necesarios para los fines que fueron recogidos.<br \/>\nAsimismo, tiene derecho a la portabilidad de sus datos.<\/p>\n<p>En determinadas circunstancias, los interesados podr\u00e1n solicitar la limitaci\u00f3n del tratamiento de sus datos, caso en el que \u00fanicamente los conservaremos para el ejercicio o la defensa de reclamaciones.<\/p>\n<p>En determinadas circunstancias y por motivos relacionados con su situaci\u00f3n particular, los interesados se pueden oponer al tratamiento de sus datos. En este caso, CARB\u00d3 CARRETILLES dejar\u00e1 de tratar los datos, salvo por motivos leg\u00edtimos imperiosos, o el ejercicio o la defensa de posibles reclamaciones.<\/p>\n<p>Podr\u00e1 ejercer materialmente sus derechos de la siguiente manera: dirigi\u00e9ndose a carboinfo@carretilles.com o a la avenida de Tarragona, 169, 08720 Vilafranca del Pened\u00e8s, Barcelona.<\/p>\n<p>Cuando se realice el env\u00edo de comunicaciones comerciales utilizando como base legal el inter\u00e9s leg\u00edtimo del responsable, el interesado se puede oponer al tratamiento de los datos con esta finalidad.<\/p>\n<p>Si ha otorgado su consentimiento para alguna finalidad espec\u00edfica, tiene derecho a retirar el consentimiento otorgado en cualquier momento, sin que ello afecte a la licitud del tratamiento basado en el consentimiento previo a su retirada.<\/p>\n<p>En caso de sentir vulnerados sus derechos en lo que respecta a la protecci\u00f3n de sus datos personales, especialmente cuando no haya obtenido satisfacci\u00f3n en el ejercicio de sus derechos, puede presentar una reclamaci\u00f3n ante la Autoridad de Control en materia de protecci\u00f3n de datos competente a trav\u00e9s de su sitio web: www.aepd.es.<\/p>\n<h2>Tratamiento de los datos de los contactos web<\/h2>\n<h3>\u00bfCon qu\u00e9 finalidad tratamos sus datos personales?<\/h3>\n<p>En CARB\u00d3 CARRETILLES tratamos la informaci\u00f3n que nos facilitan las personas interesadas para atender su solicitud y enviarles comunicaciones comerciales. En caso de no facilitar sus datos personales, no podremos cumplir con las finalidades descritas. No se tomar\u00e1n decisiones automatizadas a partir de los datos proporcionados.<\/p>\n<h3>\u00bfPor cu\u00e1nto tiempo conservaremos sus datos?<\/h3>\n<p>Los datos se conservar\u00e1n mientras el interesado no solicite su supresi\u00f3n.<\/p>\n<h3>\u00bfCu\u00e1l es la legitimaci\u00f3n para el tratamiento de sus datos?<\/h3>\n<p>Indicamos la base legal para el tratamiento de sus datos:<\/p>\n<ul>\n<li>Ejecuci\u00f3n de un contrato: Atender su solicitud.<\/li>\n<li>Consentimiento del interesado. Enviarle comunicaciones comerciales, incluidas por v\u00eda electr\u00f3nica.<\/li>\n<\/ul>\n<h3>\u00bfA qu\u00e9 destinatarios se comunicar\u00e1n sus datos?<\/h3>\n<p>No se ceder\u00e1n datos a terceros, salvo por obligaci\u00f3n legal.<\/p>\n<h3>Transferencias de datos a terceros pa\u00edses<\/h3>\n<p>No est\u00e1n previstas transferencias de datos a terceros pa\u00edses.<\/p>\n<h3>\u00bfC\u00f3mo hemos obtenido sus datos?<\/h3>\n<p>Los datos personales que tratamos en CARB\u00d3 CARRETILLES proceden de: el propio interesado.<\/p>\n<h2>Tratamiento de los datos del correo electr\u00f3nico<\/h2>\n<h3>\u00bfCon qu\u00e9 finalidad tratamos sus datos personales?<\/h3>\n<p>En CARB\u00d3 CARRETILLES tratamos la informaci\u00f3n que nos facilitan las personas interesadas para prestarles los servicios que nos han solicitado, atender sus solicitudes de informaci\u00f3n y enviarles comunicaciones comerciales. En caso de no facilitar sus datos personales, no podremos cumplir con las finalidades descritas. No se tomar\u00e1n decisiones automatizadas a partir de los datos proporcionados.<\/p>\n<h3>\u00bfPor cu\u00e1nto tiempo conservaremos sus datos?<\/h3>\n<p>Los datos se conservar\u00e1n mientras el interesado no solicite su supresi\u00f3n.<\/p>\n<p>Indicamos la base legal para el tratamiento de sus datos:<\/p>\n<ul>\n<li>Ejecuci\u00f3n de un contrato: Atender su solicitud.<\/li>\n<li>Consentimiento del interesado: Contacto y env\u00edo de comunicaciones comerciales de acuerdo con el inter\u00e9s demostrado.<\/li>\n<li>Inter\u00e9s leg\u00edtimo del Responsable: Env\u00edo de comunicaciones comerciales.<\/li>\n<\/ul>\n<h3>\u00bfA qu\u00e9 destinatarios se comunicar\u00e1n sus datos?<\/h3>\n<p>No se ceder\u00e1n datos a terceros, salvo por obligaci\u00f3n legal.<\/p>\n<h3>Transferencias de datos a terceros pa\u00edses<\/h3>\n<p>No est\u00e1n previstas transferencias de datos a terceros pa\u00edses.<\/p>\n<h3>\u00bfC\u00f3mo hemos obtenido sus datos?<\/h3>\n<p>Los datos personales que tratamos en CARB\u00d3 CARRETILLES proceden de: el propio interesado.<\/p>\n<h2>Tratamiento de los datos de videovigilancia<\/h2>\n<h3>\u00bfCon qu\u00e9 finalidad tratamos sus datos personales?<\/h3>\n<p>En CARB\u00d3 CARRETILLES tratamos la informaci\u00f3n que nos facilitan las personas interesadas para Garantizar la seguridad de las personas, bienes e instalaciones utilizando sistemas de videovigilancia. En caso de no facilitar sus datos personales, no podremos cumplir con las finalidades descritas. No se tomar\u00e1n decisiones automatizadas a partir de los datos proporcionados.<\/p>\n<h3>\u00bfPor cu\u00e1nto tiempo conservaremos sus datos?<\/h3>\n<p>Los datos se conservar\u00e1n un m\u00e1ximo de 30 d\u00edas, salvo comunicaci\u00f3n a Fuerzas y Cuerpos de Seguridad, y\/o Juzgados y Tribunales.<\/p>\n<h3>\u00bfCu\u00e1l es la legitimaci\u00f3n para el tratamiento de sus datos?<\/h3>\n<p>Indicamos la base legal para el tratamiento de sus datos:<\/p>\n<ul>\n<li>Misi\u00f3n en Inter\u00e9s p\u00fablico: Garantizar la seguridad de las personas, bienes e instalaciones.<\/li>\n<\/ul>\n<h3>\u00bfA qu\u00e9 destinatarios se comunicar\u00e1n sus datos?<\/h3>\n<p>Los datos se comunicar\u00e1n a los siguientes destinatarios:<\/p>\n<ul>\n<li>En su caso, las fuerzas y cuerpos de seguridad del Estado, as\u00ed como los juzgados y tribunales, con la finalidad de aportar las im\u00e1genes si se ha cometido un delito (requisito legal).<\/li>\n<\/ul>\n<h3>Transferencias de datos a terceros pa\u00edses<\/h3>\n<p>No est\u00e1n previstas transferencias de datos a terceros pa\u00edses.<\/p>\n<h3>\u00bfC\u00f3mo hemos obtenido sus datos?<\/h3>\n<p>Los datos personales que tratamos en CARB\u00d3 CARRETILLES proceden de: el propio interesado.[\/et_pb_text][\/et_pb_column][\/et_pb_row][\/et_pb_section]<\/p>\n","protected":false},"excerpt":{"rendered":"<p>Pol\u00edtica de privacidad En CARB\u00d3 CARRETILLES S.L. nos preocupamos por la privacidad y la transparencia. A continuaci\u00f3n, le indicamos en detalle los tratamientos de datos personales que realizamos, as\u00ed como toda la informaci\u00f3n relativa a los mismos. \u00bfQui\u00e9n es el responsable del tratamiento de sus datos? CARB\u00d3 CARRETILLES S.L. B59079541 Avenida de Tarragona 169, 08720 [&hellip;]<\/p>\n","protected":false},"author":1,"featured_media":0,"parent":0,"menu_order":0,"comment_status":"closed","ping_status":"closed","template":"","meta":{"_et_pb_use_builder":"on","_et_pb_old_content":"","_et_gb_content_width":"","footnotes":""},"class_list":["post-2523","page","type-page","status-publish","hentry"],"_links":{"self":[{"href":"https:\/\/www.carretilles.com\/es\/wp-json\/wp\/v2\/pages\/2523","targetHints":{"allow":["GET"]}}],"collection":[{"href":"https:\/\/www.carretilles.com\/es\/wp-json\/wp\/v2\/pages"}],"about":[{"href":"https:\/\/www.carretilles.com\/es\/wp-json\/wp\/v2\/types\/page"}],"author":[{"embeddable":true,"href":"https:\/\/www.carretilles.com\/es\/wp-json\/wp\/v2\/users\/1"}],"replies":[{"embeddable":true,"href":"https:\/\/www.carretilles.com\/es\/wp-json\/wp\/v2\/comments?post=2523"}],"version-history":[{"count":0,"href":"https:\/\/www.carretilles.com\/es\/wp-json\/wp\/v2\/pages\/2523\/revisions"}],"wp:attachment":[{"href":"https:\/\/www.carretilles.com\/es\/wp-json\/wp\/v2\/media?parent=2523"}],"curies":[{"name":"wp","href":"https:\/\/api.w.org\/{rel}","templated":true}]}}